{"id":100,"date":"2013-01-07T22:21:20","date_gmt":"2013-01-07T22:21:20","guid":{"rendered":"http:\/\/delamanodemaria.com\/?page_id=100"},"modified":"2017-06-27T23:09:51","modified_gmt":"2017-06-28T03:09:51","slug":"para-invitaciones-en-el-extranjero-fuera-de-pr-y-eeuu","status":"publish","type":"page","link":"http:\/\/delamanodemaria.com\/?page_id=100","title":{"rendered":"Para invitaciones en el extranjero (fuera de PR y EEUU):"},"content":{"rendered":"<p>Comun\u00edquense por correo electr\u00f3nico (E-mail): <a href=\"mailto:hectorops@gmail.com\">hectorops@gmail.com<\/a><\/p>\n<ul>\n<li>Identif\u00edquese: d\u00edganos qui\u00e9n es usted y qu\u00e9 posici\u00f3n ocupa. Exprese su\u00a0\u00a0intenci\u00f3n de invitar a H\u00e9ctor L. M\u00e1rquez.<\/li>\n<li>Qu\u00e9 comunidad, grupo o instituci\u00f3n auspicia la actividad.<\/li>\n<li>Provea tel\u00e9fono y direcci\u00f3n del Web Site.<\/li>\n<li>Mencione el Pa\u00eds, Estado, ciudad y di\u00f3cesis a la cual pertenecen.<\/li>\n<li>\u00a0El nombre de la persona contacto a la que nos podamos referir todo el tiempo, sus tel\u00e9fonos y direcci\u00f3n de correo electr\u00f3nico. Incluya el puesto o t\u00edtulo.<\/li>\n<li>\u00a0Fecha(s) que proponen.<\/li>\n<li>\u00a0Nuestra oficina le enviar\u00e1 el documento: \u201c<strong>Informaci\u00f3n para \u00a0invitar a H\u00e9ctor M\u00e1rquez (extranjero<\/strong>)\u201d.<\/li>\n<li>\u00a0L\u00e9alo cuidadosamente\u00a0y cons\u00faltelo con las personas pertinentes.<\/li>\n<li>\u00a0Respondan al cuestionario que aparece al final del documento \u201c<strong>Informaci\u00f3n para invitar a H\u00e9ctor M\u00e1rquez (extranjero<\/strong>)\u201d.<\/li>\n<li>El cuestionario debe ser respondido de manera oficial. Sus respuestas y nuestra eventual confirmaci\u00f3n ser\u00e1n el acuerdo entre ustedes y H\u00e9ctor L. M\u00e1rquez.<\/li>\n<li>Env\u00ede las respuestas a: <a href=\"mailto:hectorops@gmail.com\">hectorops@gmail.com<\/a><\/li>\n<li>\u00a0Confirmaci\u00f3n de parte nuestra.<\/li>\n<li>Los anfitriones siguen la <em>Lista de cotejo<\/em> (\u201cchecklist\u201d) enviada por nosotros.<\/li>\n<\/ul>\n<div style=\"padding-bottom:20px; padding-top:10px;\" class=\"hupso-share-buttons\"><!-- Hupso Share Buttons - https:\/\/www.hupso.com\/share\/ --><a class=\"hupso_toolbar\" href=\"https:\/\/www.hupso.com\/share\/\"><img src=\"http:\/\/static.hupso.com\/share\/buttons\/lang\/es\/share-medium.png\" style=\"border:0px; padding-top: 5px; float:left;\" alt=\"Share Button\"\/><\/a><script type=\"text\/javascript\">var hupso_services_t=new Array(\"Twitter\",\"Facebook\",\"Google Plus\",\"Pinterest\",\"Linkedin\",\"Email\",\"Print\");var hupso_background_t=\"#EAF4FF\";var hupso_border_t=\"#66CCFF\";var hupso_toolbar_size_t=\"medium\";var hupso_image_folder_url = \"\";var hupso_twitter_via=\"hectorops\";var hupso_url_t=\"\";var hupso_title_t=\"Para%20invitaciones%20en%20el%20extranjero%20%28fuera%20de%20PR%20y%20EEUU%29%3A\";<\/script><script type=\"text\/javascript\" src=\"http:\/\/static.hupso.com\/share\/js\/share_toolbar.js\"><\/script><!-- Hupso Share Buttons --><\/div>","protected":false},"excerpt":{"rendered":"<p>Comun\u00edquense por correo electr\u00f3nico (E-mail): hectorops@gmail.com Identif\u00edquese: d\u00edganos qui\u00e9n es usted y qu\u00e9 posici\u00f3n ocupa. Exprese su\u00a0\u00a0intenci\u00f3n de invitar a H\u00e9ctor L. M\u00e1rquez. Qu\u00e9 comunidad, grupo o instituci\u00f3n auspicia la actividad. Provea tel\u00e9fono y direcci\u00f3n del Web Site. Mencione el &hellip; <a href=\"http:\/\/delamanodemaria.com\/?page_id=100\">Continue reading <span class=\"meta-nav\">&rarr;<\/span><\/a><\/p>\n<div style=\"padding-bottom:20px; padding-top:10px;\" class=\"hupso-share-buttons\"><!-- Hupso Share Buttons - https:\/\/www.hupso.com\/share\/ --><a class=\"hupso_toolbar\" href=\"https:\/\/www.hupso.com\/share\/\"><img src=\"http:\/\/static.hupso.com\/share\/buttons\/lang\/es\/share-medium.png\" style=\"border:0px; padding-top: 5px; float:left;\" alt=\"Share Button\"\/><\/a><script type=\"text\/javascript\">var hupso_services_t=new Array(\"Twitter\",\"Facebook\",\"Google Plus\",\"Pinterest\",\"Linkedin\",\"Email\",\"Print\");var hupso_background_t=\"#EAF4FF\";var hupso_border_t=\"#66CCFF\";var hupso_toolbar_size_t=\"medium\";var hupso_image_folder_url = \"\";var hupso_twitter_via=\"hectorops\";var hupso_url_t=\"\";var hupso_title_t=\"Para%20invitaciones%20en%20el%20extranjero%20%28fuera%20de%20PR%20y%20EEUU%29%3A\";<\/script><script type=\"text\/javascript\" src=\"http:\/\/static.hupso.com\/share\/js\/share_toolbar.js\"><\/script><!-- Hupso Share Buttons --><\/div>","protected":false},"author":1,"featured_media":0,"parent":91,"menu_order":0,"comment_status":"open","ping_status":"open","template":"","meta":{"jetpack_post_was_ever_published":false},"jetpack_shortlink":"https:\/\/wp.me\/P3bBgS-1C","jetpack_sharing_enabled":true,"jetpack_likes_enabled":true,"_links":{"self":[{"href":"http:\/\/delamanodemaria.com\/index.php?rest_route=\/wp\/v2\/pages\/100"}],"collection":[{"href":"http:\/\/delamanodemaria.com\/index.php?rest_route=\/wp\/v2\/pages"}],"about":[{"href":"http:\/\/delamanodemaria.com\/index.php?rest_route=\/wp\/v2\/types\/page"}],"author":[{"embeddable":true,"href":"http:\/\/delamanodemaria.com\/index.php?rest_route=\/wp\/v2\/users\/1"}],"replies":[{"embeddable":true,"href":"http:\/\/delamanodemaria.com\/index.php?rest_route=%2Fwp%2Fv2%2Fcomments&post=100"}],"version-history":[{"count":10,"href":"http:\/\/delamanodemaria.com\/index.php?rest_route=\/wp\/v2\/pages\/100\/revisions"}],"predecessor-version":[{"id":9082,"href":"http:\/\/delamanodemaria.com\/index.php?rest_route=\/wp\/v2\/pages\/100\/revisions\/9082"}],"up":[{"embeddable":true,"href":"http:\/\/delamanodemaria.com\/index.php?rest_route=\/wp\/v2\/pages\/91"}],"wp:attachment":[{"href":"http:\/\/delamanodemaria.com\/index.php?rest_route=%2Fwp%2Fv2%2Fmedia&parent=100"}],"curies":[{"name":"wp","href":"https:\/\/api.w.org\/{rel}","templated":true}]}}