{"id":103,"date":"2013-01-07T22:26:17","date_gmt":"2013-01-07T22:26:17","guid":{"rendered":"http:\/\/delamanodemaria.com\/?page_id=103"},"modified":"2013-01-07T22:32:27","modified_gmt":"2013-01-07T22:32:27","slug":"para-invitaciones-en-puerto-rico","status":"publish","type":"page","link":"http:\/\/delamanodemaria.com\/?page_id=103","title":{"rendered":"Para invitaciones en Puerto Rico"},"content":{"rendered":"<p>Comun\u00edquese por correo electr\u00f3nico (E-mail): <a href=\"mailto:hectorops@gmail.com\">hectorops@gmail.com<\/a><\/p>\n<ul>\n<li>Identif\u00edquese y comun\u00edquenos su intenci\u00f3n de invitarnos.<\/li>\n<li>Qu\u00e9 comunidad, grupo o instituci\u00f3n auspicia la actividad.<\/li>\n<li>El nombre de la persona contacto a la que nos podamos referir todo el tiempo, sus tel\u00e9fonos y direcci\u00f3n de correo electr\u00f3nico. Incluya el puesto o t\u00edtulo.<\/li>\n<li>Fecha que proponen.<\/li>\n<li>Nuestra oficina le enviar\u00e1 el documento: \u201c<strong>Informaci\u00f3n para \u00a0invitar a H\u00e9ctor L. M\u00e1rquez (P.R.)<\/strong>\u201d.<\/li>\n<li>L\u00e9alo cuidadosamente\u00a0y cons\u00faltelo con las personas pertinentes.<\/li>\n<li>Respondan al cuestionario que aparece al final del documento <strong>\u201cInformaci\u00f3n para invitar a H\u00e9ctor L. M\u00e1rquez (P.R.)\u201d.<\/strong><\/li>\n<li>Env\u00ede las respuestas a: <a href=\"mailto:hectorops@gmail.com\">hectorops@gmail.com<\/a><\/li>\n<li>Confirmaci\u00f3n de parte nuestra.<\/li>\n<li>Como parte de nuestra confirmaci\u00f3n les enviaremos una <i>lista de cotejo<\/i> (\u201ccheck list\u201d) que les asistir\u00e1 mientras van preparando la visita y participaci\u00f3n de H\u00e9ctor.<\/li>\n<\/ul>\n<div style=\"padding-bottom:20px; padding-top:10px;\" class=\"hupso-share-buttons\"><!-- Hupso Share Buttons - https:\/\/www.hupso.com\/share\/ --><a class=\"hupso_toolbar\" href=\"https:\/\/www.hupso.com\/share\/\"><img src=\"http:\/\/static.hupso.com\/share\/buttons\/lang\/es\/share-medium.png\" style=\"border:0px; padding-top: 5px; float:left;\" alt=\"Share Button\"\/><\/a><script type=\"text\/javascript\">var hupso_services_t=new Array(\"Twitter\",\"Facebook\",\"Google Plus\",\"Pinterest\",\"Linkedin\",\"Email\",\"Print\");var hupso_background_t=\"#EAF4FF\";var hupso_border_t=\"#66CCFF\";var hupso_toolbar_size_t=\"medium\";var hupso_image_folder_url = \"\";var hupso_twitter_via=\"hectorops\";var hupso_url_t=\"\";var hupso_title_t=\"Para%20invitaciones%20en%20Puerto%20Rico\";<\/script><script type=\"text\/javascript\" src=\"http:\/\/static.hupso.com\/share\/js\/share_toolbar.js\"><\/script><!-- Hupso Share Buttons --><\/div>","protected":false},"excerpt":{"rendered":"<p>Comun\u00edquese por correo electr\u00f3nico (E-mail): hectorops@gmail.com Identif\u00edquese y comun\u00edquenos su intenci\u00f3n de invitarnos. Qu\u00e9 comunidad, grupo o instituci\u00f3n auspicia la actividad. El nombre de la persona contacto a la que nos podamos referir todo el tiempo, sus tel\u00e9fonos y direcci\u00f3n &hellip; <a href=\"http:\/\/delamanodemaria.com\/?page_id=103\">Continue reading <span class=\"meta-nav\">&rarr;<\/span><\/a><\/p>\n<div style=\"padding-bottom:20px; padding-top:10px;\" class=\"hupso-share-buttons\"><!-- Hupso Share Buttons - https:\/\/www.hupso.com\/share\/ --><a class=\"hupso_toolbar\" href=\"https:\/\/www.hupso.com\/share\/\"><img src=\"http:\/\/static.hupso.com\/share\/buttons\/lang\/es\/share-medium.png\" style=\"border:0px; padding-top: 5px; float:left;\" alt=\"Share Button\"\/><\/a><script type=\"text\/javascript\">var hupso_services_t=new Array(\"Twitter\",\"Facebook\",\"Google Plus\",\"Pinterest\",\"Linkedin\",\"Email\",\"Print\");var hupso_background_t=\"#EAF4FF\";var hupso_border_t=\"#66CCFF\";var hupso_toolbar_size_t=\"medium\";var hupso_image_folder_url = \"\";var hupso_twitter_via=\"hectorops\";var hupso_url_t=\"\";var hupso_title_t=\"Para%20invitaciones%20en%20Puerto%20Rico\";<\/script><script type=\"text\/javascript\" src=\"http:\/\/static.hupso.com\/share\/js\/share_toolbar.js\"><\/script><!-- Hupso Share Buttons --><\/div>","protected":false},"author":1,"featured_media":0,"parent":91,"menu_order":0,"comment_status":"open","ping_status":"open","template":"","meta":{"jetpack_post_was_ever_published":false},"jetpack_shortlink":"https:\/\/wp.me\/P3bBgS-1F","jetpack_sharing_enabled":true,"jetpack_likes_enabled":true,"_links":{"self":[{"href":"http:\/\/delamanodemaria.com\/index.php?rest_route=\/wp\/v2\/pages\/103"}],"collection":[{"href":"http:\/\/delamanodemaria.com\/index.php?rest_route=\/wp\/v2\/pages"}],"about":[{"href":"http:\/\/delamanodemaria.com\/index.php?rest_route=\/wp\/v2\/types\/page"}],"author":[{"embeddable":true,"href":"http:\/\/delamanodemaria.com\/index.php?rest_route=\/wp\/v2\/users\/1"}],"replies":[{"embeddable":true,"href":"http:\/\/delamanodemaria.com\/index.php?rest_route=%2Fwp%2Fv2%2Fcomments&post=103"}],"version-history":[{"count":3,"href":"http:\/\/delamanodemaria.com\/index.php?rest_route=\/wp\/v2\/pages\/103\/revisions"}],"predecessor-version":[{"id":109,"href":"http:\/\/delamanodemaria.com\/index.php?rest_route=\/wp\/v2\/pages\/103\/revisions\/109"}],"up":[{"embeddable":true,"href":"http:\/\/delamanodemaria.com\/index.php?rest_route=\/wp\/v2\/pages\/91"}],"wp:attachment":[{"href":"http:\/\/delamanodemaria.com\/index.php?rest_route=%2Fwp%2Fv2%2Fmedia&parent=103"}],"curies":[{"name":"wp","href":"https:\/\/api.w.org\/{rel}","templated":true}]}}