{"id":13,"date":"2013-01-03T03:04:34","date_gmt":"2013-01-03T03:04:34","guid":{"rendered":"http:\/\/delamanodemaria.com\/?page_id=13"},"modified":"2022-10-03T09:15:20","modified_gmt":"2022-10-03T13:15:20","slug":"datos-biograficos-hector-l-marquez-l-o-p","status":"publish","type":"page","link":"http:\/\/delamanodemaria.com\/?page_id=13","title":{"rendered":"Datos biogr\u00e1ficos"},"content":{"rendered":"<p align=\"center\"><a href=\"http:\/\/delamanodemaria.com\/wp-content\/uploads\/2013\/05\/En-plena-faena.jpg\"><img decoding=\"async\" loading=\"lazy\" class=\"size-full wp-image-1142 alignnone\" src=\"http:\/\/delamanodemaria.com\/wp-content\/uploads\/2013\/05\/En-plena-faena.jpg\" alt=\"En plena faena\" width=\"564\" height=\"564\" srcset=\"http:\/\/delamanodemaria.com\/wp-content\/uploads\/2013\/05\/En-plena-faena.jpg 564w, http:\/\/delamanodemaria.com\/wp-content\/uploads\/2013\/05\/En-plena-faena-150x150.jpg 150w, http:\/\/delamanodemaria.com\/wp-content\/uploads\/2013\/05\/En-plena-faena-300x300.jpg 300w\" sizes=\"(max-width: 564px) 100vw, 564px\" \/><\/a><\/p>\n<p style=\"text-align: center;\"><strong><em>H\u00e9ctor Luis M\u00e1rquez Figueroa, O.P.<\/em><\/strong><\/p>\n<p>Naci\u00f3 en Ponce, Puerto Rico. Actualmente reside en San Juan, Puerto Rico, y est\u00e1 casado desde 1970 con Josefina Acevedo Busig\u00f3.<\/p>\n<p>Es feligr\u00e9s de la\u00a0Parroquia <a href=\"https:\/\/www.facebook.com\/sjmvpr\/\" target=\"_blank\" rel=\"noopener\">San Juan Mar\u00eda Vianney<\/a> de R\u00edo Piedras, Puerto Rico.<\/p>\n<p>Recibi\u00f3 su grado de Bachiller en Filosof\u00eda y Literatura de la <a href=\"http:\/\/www.uprrp.edu\/\" target=\"_blank\" rel=\"noopener noreferrer\">Universidad de Puerto Rico en R\u00edo Piedras<\/a> en 1969, recibi\u00e9ndose como\u00a0<em>Juris Doctor<\/em>\u00a0en esa misma instituci\u00f3n en 1972.<\/p>\n<p>Curs\u00f3 estudios graduados de teolog\u00eda en el\u00a0Centro de Estudios de los Dominicos del Caribe (<em>CEDOC<\/em>),\u00a0en donde obtuvo un grado de maestr\u00eda en teolog\u00eda, recibiendo la distinci\u00f3n del premio de excelencia acad\u00e9mica. Luego curs\u00f3 estudios doctorales en teolog\u00eda en el Instituto Teol\u00f3gico Internacional de Puerto Rico.<\/p>\n<p>Se ha desempe\u00f1ado como profesor en varias universidades de Puerto Rico. Actualmente se desempe\u00f1a como profesor adjunto de la <a href=\"http:\/\/www.ucb.edu.pr\/web\/?page_id=7076\" target=\"_blank\" rel=\"noopener noreferrer\"><em>Escuela Graduada de Teolog\u00eda y Ministerio<\/em><\/a>\u00a0y el Colegio de Artes Liberales y Humanidades de la <a href=\"http:\/\/www.ucb.edu.pr\/web\/\" target=\"_blank\" rel=\"noopener noreferrer\"><em>Universidad Central de Bayam\u00f3n<\/em><\/a>, en donde imparte cursos en las disciplinas de Teolog\u00eda y Estudios Religiosos.<\/p>\n<p>Tambi\u00e9n es profesor en el Instituto Superior de Teolog\u00eda y Pastoral (<em>ISTEPA<\/em>) de la Arquidi\u00f3cesis de San Juan, donde ha impartido cursos en las disciplinas de teolog\u00eda pastoral, dogm\u00e1tica y sistem\u00e1tica, y biblia.<\/p>\n<p>Durante ocho a\u00f1os imparti\u00f3 el curso de formaci\u00f3n para evangelizadores, catequistas y agentes de pastoral de la Vicar\u00eda de Guaynabo-Puerto Nuevo de la Arquidi\u00f3cesis de San Juan.<\/p>\n<p>Es Laico de la\u00a0<a href=\"https:\/\/op.org\/\" target=\"_blank\" rel=\"noopener noreferrer\">Orden de Predicadores<\/a>\u00a0(<em>Terciario Dominico<\/em>), en la que hizo su profesi\u00f3n perpetua en el a\u00f1o 2006.\u00a0Como tal, es\u00a0miembro de la Fraternidad Santa Rosa de Lima. Se ha desempe\u00f1ado como presidente del Laicado Dominico de Puerto Rico, el Consejo de Fraternidades Laicales Dominicanas de Am\u00e9rica Latina y el Caribe (<em>COFALC<\/em>), y el Consejo Internacional de Fraternidades Laicales Dominicanas (<a href=\"https:\/\/www.fraternitiesop.com\/\" target=\"_blank\" rel=\"noopener noreferrer\"><em>ICLDF<\/em><\/a>). Adem\u00e1s, desde 2015 hasta 2019 fungi\u00f3 como miembro de la <em>Curia Generalicia<\/em> de la Orden de Predicadores, con sede en Santa Sabina, Roma. Actualmente es el <em>Maestro de Formaci\u00f3n<\/em> para el Laicado Dominico de Puerto Rico.<\/p>\n<p>Fiel a su carisma dominico, es predicador itinerante, habiendo predicado y dictado conferencias y\u00a0reflexiones\u00a0ante numerosas parroquias y grupos cat\u00f3licos en Puerto Rico, Am\u00e9rica Latina y Estados Unidos.<\/p>\n<p>Adem\u00e1s, es fundador y Director de\u00a0<strong><em>De la mano de Mar\u00eda<\/em><\/strong><em>,<\/em> un apostolado de evangelizaci\u00f3n y formaci\u00f3n de la fe cat\u00f3lica, y promoci\u00f3n de la devoci\u00f3n a la Sant\u00edsima Virgen Mar\u00eda y el Santo Rosario, motivado por sus profundas experiencias de fe relacionadas con dichas devociones. Como parte de ese apostolado, mantiene un canal en YouTube bajo el nombre <strong><em><a href=\"https:\/\/www.youtube.com\/channel\/UCRPOquX5FIFCnxaSMTs3aiQ\/featured\" target=\"_blank\" rel=\"noopener noreferrer\">De la mano de Mar\u00eda TV<\/a><\/em><\/strong>, que te invitamos a visitar.<\/p>\n<p style=\"text-align: center;\"><a href=\"http:\/\/op.org\/es\" target=\"_blank\" rel=\"attachment wp-att-177 noopener noreferrer\"><img decoding=\"async\" loading=\"lazy\" class=\"alignnone size-full wp-image-177\" src=\"http:\/\/delamanodemaria.com\/wp-content\/uploads\/2013\/01\/Emblema-de-la-OP.jpg\" alt=\"Emblema de la OP\" width=\"180\" height=\"195\" \/><\/a><\/p>\n<div style=\"padding-bottom:20px; padding-top:10px;\" class=\"hupso-share-buttons\"><!-- Hupso Share Buttons - https:\/\/www.hupso.com\/share\/ --><a class=\"hupso_toolbar\" href=\"https:\/\/www.hupso.com\/share\/\"><img src=\"http:\/\/static.hupso.com\/share\/buttons\/lang\/es\/share-medium.png\" style=\"border:0px; padding-top: 5px; float:left;\" alt=\"Share Button\"\/><\/a><script type=\"text\/javascript\">var hupso_services_t=new Array(\"Twitter\",\"Facebook\",\"Google Plus\",\"Pinterest\",\"Linkedin\",\"Email\",\"Print\");var hupso_background_t=\"#EAF4FF\";var hupso_border_t=\"#66CCFF\";var hupso_toolbar_size_t=\"medium\";var hupso_image_folder_url = \"\";var hupso_twitter_via=\"hectorops\";var hupso_url_t=\"\";var hupso_title_t=\"Datos%20biogr%C3%A1ficos\";<\/script><script type=\"text\/javascript\" src=\"http:\/\/static.hupso.com\/share\/js\/share_toolbar.js\"><\/script><!-- Hupso Share Buttons --><\/div>","protected":false},"excerpt":{"rendered":"<p>H\u00e9ctor Luis M\u00e1rquez Figueroa, O.P. Naci\u00f3 en Ponce, Puerto Rico. Actualmente reside en San Juan, Puerto Rico, y est\u00e1 casado desde 1970 con Josefina Acevedo Busig\u00f3. Es feligr\u00e9s de la\u00a0Parroquia San Juan Mar\u00eda Vianney de R\u00edo Piedras, Puerto Rico. Recibi\u00f3 &hellip; <a href=\"http:\/\/delamanodemaria.com\/?page_id=13\">Continue reading <span class=\"meta-nav\">&rarr;<\/span><\/a><\/p>\n<div style=\"padding-bottom:20px; padding-top:10px;\" class=\"hupso-share-buttons\"><!-- Hupso Share Buttons - https:\/\/www.hupso.com\/share\/ --><a class=\"hupso_toolbar\" href=\"https:\/\/www.hupso.com\/share\/\"><img src=\"http:\/\/static.hupso.com\/share\/buttons\/lang\/es\/share-medium.png\" style=\"border:0px; padding-top: 5px; float:left;\" alt=\"Share Button\"\/><\/a><script type=\"text\/javascript\">var hupso_services_t=new Array(\"Twitter\",\"Facebook\",\"Google Plus\",\"Pinterest\",\"Linkedin\",\"Email\",\"Print\");var hupso_background_t=\"#EAF4FF\";var hupso_border_t=\"#66CCFF\";var hupso_toolbar_size_t=\"medium\";var hupso_image_folder_url = \"\";var hupso_twitter_via=\"hectorops\";var hupso_url_t=\"\";var hupso_title_t=\"Datos%20biogr%C3%A1ficos\";<\/script><script type=\"text\/javascript\" src=\"http:\/\/static.hupso.com\/share\/js\/share_toolbar.js\"><\/script><!-- Hupso Share Buttons --><\/div>","protected":false},"author":1,"featured_media":0,"parent":225,"menu_order":0,"comment_status":"open","ping_status":"open","template":"","meta":{"jetpack_post_was_ever_published":false},"jetpack_shortlink":"https:\/\/wp.me\/P3bBgS-d","jetpack_sharing_enabled":true,"jetpack_likes_enabled":true,"_links":{"self":[{"href":"http:\/\/delamanodemaria.com\/index.php?rest_route=\/wp\/v2\/pages\/13"}],"collection":[{"href":"http:\/\/delamanodemaria.com\/index.php?rest_route=\/wp\/v2\/pages"}],"about":[{"href":"http:\/\/delamanodemaria.com\/index.php?rest_route=\/wp\/v2\/types\/page"}],"author":[{"embeddable":true,"href":"http:\/\/delamanodemaria.com\/index.php?rest_route=\/wp\/v2\/users\/1"}],"replies":[{"embeddable":true,"href":"http:\/\/delamanodemaria.com\/index.php?rest_route=%2Fwp%2Fv2%2Fcomments&post=13"}],"version-history":[{"count":68,"href":"http:\/\/delamanodemaria.com\/index.php?rest_route=\/wp\/v2\/pages\/13\/revisions"}],"predecessor-version":[{"id":18106,"href":"http:\/\/delamanodemaria.com\/index.php?rest_route=\/wp\/v2\/pages\/13\/revisions\/18106"}],"up":[{"embeddable":true,"href":"http:\/\/delamanodemaria.com\/index.php?rest_route=\/wp\/v2\/pages\/225"}],"wp:attachment":[{"href":"http:\/\/delamanodemaria.com\/index.php?rest_route=%2Fwp%2Fv2%2Fmedia&parent=13"}],"curies":[{"name":"wp","href":"https:\/\/api.w.org\/{rel}","templated":true}]}}