{"id":27,"date":"2013-01-06T20:13:32","date_gmt":"2013-01-06T20:13:32","guid":{"rendered":"http:\/\/delamanodemaria.com\/?page_id=27"},"modified":"2019-04-05T16:57:16","modified_gmt":"2019-04-05T20:57:16","slug":"inicio","status":"publish","type":"page","link":"http:\/\/delamanodemaria.com\/?page_id=27","title":{"rendered":"Qui\u00e9nes somos"},"content":{"rendered":"<p align=\"center\"><a href=\"http:\/\/delamanodemaria.com\/wp-content\/uploads\/2013\/11\/Divina-Providencia-4.jpg\"><img decoding=\"async\" loading=\"lazy\" class=\"alignnone size-full wp-image-2271\" src=\"http:\/\/delamanodemaria.com\/wp-content\/uploads\/2013\/11\/Divina-Providencia-4.jpg\" alt=\"Divina Providencia 4\" width=\"595\" height=\"493\" srcset=\"http:\/\/delamanodemaria.com\/wp-content\/uploads\/2013\/11\/Divina-Providencia-4.jpg 595w, http:\/\/delamanodemaria.com\/wp-content\/uploads\/2013\/11\/Divina-Providencia-4-300x248.jpg 300w, http:\/\/delamanodemaria.com\/wp-content\/uploads\/2013\/11\/Divina-Providencia-4-362x300.jpg 362w\" sizes=\"(max-width: 595px) 100vw, 595px\" \/><\/a><\/p>\n<p align=\"center\"><strong>\u00a1Hola, hermanos y hermanas en Cristo y Mar\u00eda!<\/strong><\/p>\n<p>Bienvenidos a <em>De la mano de Mar\u00eda<\/em>, p\u00e1gina web dedicada a promover la devoci\u00f3n a Nuestra Se\u00f1ora, la Virgen Mar\u00eda Madre de Dios, y el Santo Rosario. Igualmente estamos comprometidos con la formaci\u00f3n del pueblo de Dios, convencidos de que para poder vivir nuestra fe cristiana cat\u00f3lica a plenitud, tenemos que conocer los fundamentos de la misma.<\/p>\n<p>Aqu\u00ed encontrar\u00e1n informaci\u00f3n, testimonios, enlaces a otras p\u00e1ginas web, as\u00ed como los fundamentos b\u00edblicos y teol\u00f3gicos que nos permitir\u00e1n comprender mejor y, sobre todo, defender nuestra fe cat\u00f3lica y la devoci\u00f3n a la Sant\u00edsima Virgen. Les exhortamos a visitar nuestra p\u00e1gina de enlaces, presionando la barra de navegaci\u00f3n &#8220;Enlaces&#8221; en la parte superior. Asimismo, tendr\u00e1n la oportunidad de conocer sobre nuestro ministerio y c\u00f3mo pueden invitarnos a participar en la formaci\u00f3n de sus comunidades o grupos, y compartir nuestras experiencias marianas mediante acompa\u00f1amiento, predicaciones, charlas, talleres, o seminarios. Les exhortamos a suscribirse a <a href=\"http:\/\/delamanodemaria.com\" target=\"_blank\" rel=\"noopener noreferrer\">nuestro Blog<\/a> para recibir las reflexiones diarias que publicamos en torno a las lecturas que la liturgia nos propone para cada d\u00eda del a\u00f1o.<\/p>\n<p>Nuestro trabajo est\u00e1 supeditado a la doctrina de la Iglesia Cat\u00f3lica Romana y a la autoridad eclesi\u00e1stica pertinente. Nunca, bajo ninguna circunstancia, se tolera un ambiente anticlerical, ni el despotricar en contra de la Iglesia, sus instancias o ministros.<\/p>\n<p><strong><i>H\u00e9ctor L. M\u00e1rquez, O.P., JD, MATP<\/i><\/strong><\/p>\n<p><a href=\"http:\/\/delamanodemaria.com\/wp-content\/uploads\/2013\/01\/m02.gif\"><img decoding=\"async\" loading=\"lazy\" class=\"alignnone size-full wp-image-60\" src=\"http:\/\/delamanodemaria.com\/wp-content\/uploads\/2013\/01\/m02.gif\" alt=\"m02\" width=\"143\" height=\"106\" \/><\/a><\/p>\n<p>Puedes seguirnos en: <a href=\"http:\/\/www.facebook.com\/hectormarquezop\" target=\"_blank\" rel=\"noopener noreferrer\">http:\/\/www.facebook.com\/hectormarquezop<\/a>\u00a0y <a href=\"http:\/\/www.twitter.com\/hectorops\" target=\"_blank\" rel=\"noopener noreferrer\">http:\/\/www.twitter.com\/hectorops<\/a><\/p>\n<div style=\"padding-bottom:20px; padding-top:10px;\" class=\"hupso-share-buttons\"><!-- Hupso Share Buttons - https:\/\/www.hupso.com\/share\/ --><a class=\"hupso_toolbar\" href=\"https:\/\/www.hupso.com\/share\/\"><img src=\"http:\/\/static.hupso.com\/share\/buttons\/lang\/es\/share-medium.png\" style=\"border:0px; padding-top: 5px; float:left;\" alt=\"Share Button\"\/><\/a><script type=\"text\/javascript\">var hupso_services_t=new Array(\"Twitter\",\"Facebook\",\"Google Plus\",\"Pinterest\",\"Linkedin\",\"Email\",\"Print\");var hupso_background_t=\"#EAF4FF\";var hupso_border_t=\"#66CCFF\";var hupso_toolbar_size_t=\"medium\";var hupso_image_folder_url = \"\";var hupso_twitter_via=\"hectorops\";var hupso_url_t=\"\";var hupso_title_t=\"Qui%C3%A9nes%20somos\";<\/script><script type=\"text\/javascript\" src=\"http:\/\/static.hupso.com\/share\/js\/share_toolbar.js\"><\/script><!-- Hupso Share Buttons --><\/div>","protected":false},"excerpt":{"rendered":"<p>\u00a1Hola, hermanos y hermanas en Cristo y Mar\u00eda! Bienvenidos a De la mano de Mar\u00eda, p\u00e1gina web dedicada a promover la devoci\u00f3n a Nuestra Se\u00f1ora, la Virgen Mar\u00eda Madre de Dios, y el Santo Rosario. Igualmente estamos comprometidos con la &hellip; <a href=\"http:\/\/delamanodemaria.com\/?page_id=27\">Continue reading <span class=\"meta-nav\">&rarr;<\/span><\/a><\/p>\n<div style=\"padding-bottom:20px; padding-top:10px;\" class=\"hupso-share-buttons\"><!-- Hupso Share Buttons - https:\/\/www.hupso.com\/share\/ --><a class=\"hupso_toolbar\" href=\"https:\/\/www.hupso.com\/share\/\"><img src=\"http:\/\/static.hupso.com\/share\/buttons\/lang\/es\/share-medium.png\" style=\"border:0px; padding-top: 5px; float:left;\" alt=\"Share Button\"\/><\/a><script type=\"text\/javascript\">var hupso_services_t=new Array(\"Twitter\",\"Facebook\",\"Google Plus\",\"Pinterest\",\"Linkedin\",\"Email\",\"Print\");var hupso_background_t=\"#EAF4FF\";var hupso_border_t=\"#66CCFF\";var hupso_toolbar_size_t=\"medium\";var hupso_image_folder_url = \"\";var hupso_twitter_via=\"hectorops\";var hupso_url_t=\"\";var hupso_title_t=\"Qui%C3%A9nes%20somos\";<\/script><script type=\"text\/javascript\" src=\"http:\/\/static.hupso.com\/share\/js\/share_toolbar.js\"><\/script><!-- Hupso Share Buttons --><\/div>","protected":false},"author":1,"featured_media":0,"parent":225,"menu_order":0,"comment_status":"open","ping_status":"open","template":"","meta":{"jetpack_post_was_ever_published":false},"jetpack_shortlink":"https:\/\/wp.me\/P3bBgS-r","jetpack_sharing_enabled":true,"jetpack_likes_enabled":true,"_links":{"self":[{"href":"http:\/\/delamanodemaria.com\/index.php?rest_route=\/wp\/v2\/pages\/27"}],"collection":[{"href":"http:\/\/delamanodemaria.com\/index.php?rest_route=\/wp\/v2\/pages"}],"about":[{"href":"http:\/\/delamanodemaria.com\/index.php?rest_route=\/wp\/v2\/types\/page"}],"author":[{"embeddable":true,"href":"http:\/\/delamanodemaria.com\/index.php?rest_route=\/wp\/v2\/users\/1"}],"replies":[{"embeddable":true,"href":"http:\/\/delamanodemaria.com\/index.php?rest_route=%2Fwp%2Fv2%2Fcomments&post=27"}],"version-history":[{"count":24,"href":"http:\/\/delamanodemaria.com\/index.php?rest_route=\/wp\/v2\/pages\/27\/revisions"}],"predecessor-version":[{"id":11476,"href":"http:\/\/delamanodemaria.com\/index.php?rest_route=\/wp\/v2\/pages\/27\/revisions\/11476"}],"up":[{"embeddable":true,"href":"http:\/\/delamanodemaria.com\/index.php?rest_route=\/wp\/v2\/pages\/225"}],"wp:attachment":[{"href":"http:\/\/delamanodemaria.com\/index.php?rest_route=%2Fwp%2Fv2%2Fmedia&parent=27"}],"curies":[{"name":"wp","href":"https:\/\/api.w.org\/{rel}","templated":true}]}}