{"id":54,"date":"2013-01-07T16:49:39","date_gmt":"2013-01-07T16:49:39","guid":{"rendered":"http:\/\/delamanodemaria.com\/?page_id=54"},"modified":"2013-06-14T11:41:07","modified_gmt":"2013-06-14T15:41:07","slug":"orden-de-predicadores-y-el-santo-rosario","status":"publish","type":"page","link":"http:\/\/delamanodemaria.com\/?page_id=54","title":{"rendered":"Orden de Predicadores y el Santo Rosario"},"content":{"rendered":"<div style=\"text-align: center;\"><a href=\"http:\/\/delamanodemaria.com\/?attachment_id=55\" rel=\"attachment wp-att-55\"><img decoding=\"async\" loading=\"lazy\" class=\"alignnone size-full wp-image-55\" alt=\"Sto Dgo Rosario\" src=\"http:\/\/delamanodemaria.com\/wp-content\/uploads\/2013\/01\/Sto-Dgo-Rosario.jpg\" width=\"498\" height=\"720\" srcset=\"http:\/\/delamanodemaria.com\/wp-content\/uploads\/2013\/01\/Sto-Dgo-Rosario.jpg 498w, http:\/\/delamanodemaria.com\/wp-content\/uploads\/2013\/01\/Sto-Dgo-Rosario-207x300.jpg 207w\" sizes=\"(max-width: 498px) 100vw, 498px\" \/><\/a><\/div>\n<div>El culto, la devoci\u00f3n y el amor a Nuestra Se\u00f1ora, la Sant\u00edsima Virgen Mar\u00eda, est\u00e1n \u00edntimamente ligados tanto a nuestro Padre Santo Domingo de Guzm\u00e1n como a la Orden de Predicadores, que la considera su Patrona desde el principio. Asimismo, la Orden es la guardiana y predicadora del Santo Rosario.<\/div>\n<div><\/div>\n<div>Podr\u00edamos decir que el Rosario, compuesto fundamental y sustancialmente por la oraci\u00f3n de Jesucristo (Padrenuestro), la salutaci\u00f3n ang\u00e9lica (Avemar\u00eda) y la meditaci\u00f3n de los misterios de Jes\u00fas y de Mar\u00eda, constituye sin duda, la primera plegaria y la primera devoci\u00f3n de los creyentes. Desde los tiempos de los ap\u00f3stoles y disc\u00edpulos, ha estado en uso siglo tras siglo, hasta nuestros d\u00edas.<\/div>\n<div><\/div>\n<div>Sin embargo, el Santo Rosario, en la forma y m\u00e9todo de que hoy nos servimos en su recitaci\u00f3n, solo fue inspirado a la Iglesia en 1214 por la Sant\u00edsima Virgen que lo dio a Santo Domingo para convertir a los herejes albigenses y a los pecadores y ocurri\u00f3 de la forma siguiente, seg\u00fan lo cuenta el Beato Alano de la Rupe, O.P. (tambi\u00e9n conocido como <em>Alain de la Roche<\/em> &#8211; fundador de la Cofrad\u00eda del Rosario) en su famoso libro intitulado <em>De Dignitate Psalterii<\/em> (De la dignidad del Salterio de Mar\u00eda):<\/div>\n<div><\/div>\n<div>&#8220;Viendo Santo Domingo que los cr\u00edmenes de los hombres obstaculizaban la conversi\u00f3n de los albigenses, entr\u00f3 en un bosque pr\u00f3ximo a Tolosa y permaneci\u00f3 all\u00ed tres d\u00edas y tres noches dedicado a la penitencia, a la oraci\u00f3n continua, sin cesar de gemir llorar y mortificar su cuerpo con disciplinas para calmar la c\u00f3lera divina, hasta que cay\u00f3 medio muerto.<\/div>\n<div><\/div>\n<div>&#8220;La Sant\u00edsima Virgen se le apareci\u00f3 en compa\u00f1\u00eda de tres princesas celestiales y le dijo: &#8216;\u00bfSabes, querido Domingo de qu\u00e9 arma se ha valido la Sant\u00edsima Trinidad para reformar el mundo?&#8217;<\/div>\n<div><\/div>\n<div>&#8221; &#8216;\u00a1Oh Se\u00f1ora, t\u00fa lo sabes mejor que yo&#8217;, respondi\u00f3 \u00e9l; &#8216;porque despu\u00e9s de Jesucristo, Tu Hijo, T\u00fa fuiste el principal instrumento de nuestra salvaci\u00f3n!&#8217;<\/div>\n<div><\/div>\n<div>&#8221; &#8216;Pues sabe&#8217;, a\u00f1adi\u00f3 Ella, &#8216;que la principal pieza de batalla ha sido el salterio ang\u00e9lico (El Rosario), que es el fundamento del Nuevo Testamento. Por ello, si quieres ganar para Dios esos corazones endurecidos predica mi salterio.&#8217;<\/div>\n<div><\/div>\n<div>&#8220;Levantose el santo muy consolado. Inflamado de celo por la salvaci\u00f3n de aquellas gentes, entr\u00f3 en la catedral. Al momento repicaron las campanas para reunir a los habitantes, gracias a la intervenci\u00f3n de los \u00e1ngeles. Al comenzar \u00e9l su predicaci\u00f3n, se desencaden\u00f3 una terrible tormenta, tembl\u00f3 la tierra, se oscureci\u00f3 el sol, truenos y rel\u00e1mpagos repetidos hicieron temblar y palidecer a los oyentes. El terror de estos aumento cuando vieron que una imagen de la Sant\u00edsima Virgen expuesta en un lugar prominente, levantaba por tres veces los brazos al cielo para pedir a Dios venganza contra ellos si no se convert\u00edan y recurr\u00edan a la protecci\u00f3n de la Santa Madre de Dios. Quer\u00eda el cielo con estos prodigios promover esta nueva devoci\u00f3n del Santo Rosario <img decoding=\"async\" alt=\"ein Bild\" src=\"http:\/\/img.webme.com\/pic\/d\/delamanodemaria\/eros11.jpg\" align=\"right\" \/>y hacer que se la conociera m\u00e1s.<\/div>\n<div><\/div>\n<div>&#8220;Gracias a la oraci\u00f3n de Santo Domingo, se calm\u00f3 finalmente la tormenta. Prosigui\u00f3 \u00e9l su predicaci\u00f3n, explicando con tanto fervor y entusiasmo la excelencia del Santo Rosario, que casi todos los habitantes de Tolosa lo aceptaron, y renunciaron a sus errores. En poco tiempo se experiment\u00f3 un gran cambio de vida y de costumbres en la ciudad.&#8221;<\/div>\n<div><\/div>\n<div><\/div>\n<div>(Adaptado de: <strong><a href=\"http:\/\/www.dominicos.org\/espiritualidad\/rosario\/voces-marianas\/alano-de-rupe\" target=\"_blank\"><span style=\"color: #0000ff;\">http:\/\/www.dominicos.org\/oraciones\/rosario\/voces\/alano.htm<\/span><\/a>)<\/strong><\/div>\n<div style=\"padding-bottom:20px; padding-top:10px;\" class=\"hupso-share-buttons\"><!-- Hupso Share Buttons - https:\/\/www.hupso.com\/share\/ --><a class=\"hupso_toolbar\" href=\"https:\/\/www.hupso.com\/share\/\"><img src=\"http:\/\/static.hupso.com\/share\/buttons\/lang\/es\/share-medium.png\" style=\"border:0px; padding-top: 5px; float:left;\" alt=\"Share Button\"\/><\/a><script type=\"text\/javascript\">var hupso_services_t=new Array(\"Twitter\",\"Facebook\",\"Google Plus\",\"Pinterest\",\"Linkedin\",\"Email\",\"Print\");var hupso_background_t=\"#EAF4FF\";var hupso_border_t=\"#66CCFF\";var hupso_toolbar_size_t=\"medium\";var hupso_image_folder_url = \"\";var hupso_twitter_via=\"hectorops\";var hupso_url_t=\"\";var hupso_title_t=\"Orden%20de%20Predicadores%20y%20el%20Santo%20Rosario\";<\/script><script type=\"text\/javascript\" src=\"http:\/\/static.hupso.com\/share\/js\/share_toolbar.js\"><\/script><!-- Hupso Share Buttons --><\/div>","protected":false},"excerpt":{"rendered":"<p>El culto, la devoci\u00f3n y el amor a Nuestra Se\u00f1ora, la Sant\u00edsima Virgen Mar\u00eda, est\u00e1n \u00edntimamente ligados tanto a nuestro Padre Santo Domingo de Guzm\u00e1n como a la Orden de Predicadores, que la considera su Patrona desde el principio. Asimismo, &hellip; <a href=\"http:\/\/delamanodemaria.com\/?page_id=54\">Continue reading <span class=\"meta-nav\">&rarr;<\/span><\/a><\/p>\n<div style=\"padding-bottom:20px; padding-top:10px;\" class=\"hupso-share-buttons\"><!-- Hupso Share Buttons - https:\/\/www.hupso.com\/share\/ --><a class=\"hupso_toolbar\" href=\"https:\/\/www.hupso.com\/share\/\"><img src=\"http:\/\/static.hupso.com\/share\/buttons\/lang\/es\/share-medium.png\" style=\"border:0px; padding-top: 5px; float:left;\" alt=\"Share Button\"\/><\/a><script type=\"text\/javascript\">var hupso_services_t=new Array(\"Twitter\",\"Facebook\",\"Google Plus\",\"Pinterest\",\"Linkedin\",\"Email\",\"Print\");var hupso_background_t=\"#EAF4FF\";var hupso_border_t=\"#66CCFF\";var hupso_toolbar_size_t=\"medium\";var hupso_image_folder_url = \"\";var hupso_twitter_via=\"hectorops\";var hupso_url_t=\"\";var hupso_title_t=\"Orden%20de%20Predicadores%20y%20el%20Santo%20Rosario\";<\/script><script type=\"text\/javascript\" src=\"http:\/\/static.hupso.com\/share\/js\/share_toolbar.js\"><\/script><!-- Hupso Share Buttons --><\/div>","protected":false},"author":1,"featured_media":0,"parent":214,"menu_order":0,"comment_status":"open","ping_status":"open","template":"","meta":{"jetpack_post_was_ever_published":false},"jetpack_shortlink":"https:\/\/wp.me\/P3bBgS-S","jetpack_sharing_enabled":true,"jetpack_likes_enabled":true,"_links":{"self":[{"href":"http:\/\/delamanodemaria.com\/index.php?rest_route=\/wp\/v2\/pages\/54"}],"collection":[{"href":"http:\/\/delamanodemaria.com\/index.php?rest_route=\/wp\/v2\/pages"}],"about":[{"href":"http:\/\/delamanodemaria.com\/index.php?rest_route=\/wp\/v2\/types\/page"}],"author":[{"embeddable":true,"href":"http:\/\/delamanodemaria.com\/index.php?rest_route=\/wp\/v2\/users\/1"}],"replies":[{"embeddable":true,"href":"http:\/\/delamanodemaria.com\/index.php?rest_route=%2Fwp%2Fv2%2Fcomments&post=54"}],"version-history":[{"count":10,"href":"http:\/\/delamanodemaria.com\/index.php?rest_route=\/wp\/v2\/pages\/54\/revisions"}],"predecessor-version":[{"id":1233,"href":"http:\/\/delamanodemaria.com\/index.php?rest_route=\/wp\/v2\/pages\/54\/revisions\/1233"}],"up":[{"embeddable":true,"href":"http:\/\/delamanodemaria.com\/index.php?rest_route=\/wp\/v2\/pages\/214"}],"wp:attachment":[{"href":"http:\/\/delamanodemaria.com\/index.php?rest_route=%2Fwp%2Fv2%2Fmedia&parent=54"}],"curies":[{"name":"wp","href":"https:\/\/api.w.org\/{rel}","templated":true}]}}