{"id":57,"date":"2013-01-07T17:00:02","date_gmt":"2013-01-07T17:00:02","guid":{"rendered":"http:\/\/delamanodemaria.com\/?page_id=57"},"modified":"2013-01-29T01:27:50","modified_gmt":"2013-01-29T01:27:50","slug":"promesas-de-nuestra-senora","status":"publish","type":"page","link":"http:\/\/delamanodemaria.com\/?page_id=57","title":{"rendered":"Promesas de Nuestra Se\u00f1ora"},"content":{"rendered":"<p style=\"text-align: center;\"><a href=\"http:\/\/delamanodemaria.com\/?attachment_id=58\" rel=\"attachment wp-att-58\"><img decoding=\"async\" loading=\"lazy\" class=\"alignnone size-full wp-image-58\" alt=\"ma01\" src=\"http:\/\/delamanodemaria.com\/wp-content\/uploads\/2013\/01\/ma01.jpg\" width=\"1082\" height=\"466\" srcset=\"http:\/\/delamanodemaria.com\/wp-content\/uploads\/2013\/01\/ma01.jpg 1082w, http:\/\/delamanodemaria.com\/wp-content\/uploads\/2013\/01\/ma01-300x129.jpg 300w, http:\/\/delamanodemaria.com\/wp-content\/uploads\/2013\/01\/ma01-1024x441.jpg 1024w, http:\/\/delamanodemaria.com\/wp-content\/uploads\/2013\/01\/ma01-500x215.jpg 500w\" sizes=\"(max-width: 1082px) 100vw, 1082px\" \/><\/a><\/p>\n<p><span style=\"color: #000000; font-size: medium;\"><strong>Promesas de Nuestra Se\u00f1ora, tomadas de los escritos del Beato Alano de la Rupe, O.P.:<\/strong><\/span><\/p>\n<ul>\n<li>Quien rece constantemente mi Rosario, recibir\u00e1 cualquier gracia que me pida.<\/li>\n<li>Prometo mi especial\u00edsima protecci\u00f3n y grandes beneficios a los que devotamente recen mi Rosario.<\/li>\n<li>El Rosario es el escudo contra el infierno, destruye el vicio, libra de los pecados y abate las herej\u00edas.<\/li>\n<li>El Rosario hace germinar las virtudes para que las almas consigan la misericordia divina. Sustituye en el coraz\u00f3n de los hombres el amor del mundo con el amor de Dios y los eleva a desear las cosas celestiales y eternas.<\/li>\n<li>El alma que se me encomiende por el Rosario no perecer\u00e1.<\/li>\n<li>El que con devoci\u00f3n rece mi Rosario, considerando sus sagrados misterios, no se ver\u00e1 oprimido por la desgracia, ni morir\u00e1 de muerte desgraciada, se convertir\u00e1 si es pecador, perseverar\u00e1 en gracia si es justo y, en todo caso ser\u00e1 admitido a la vida eterna.<\/li>\n<li>Los verdaderos devotos de mi Rosario no morir\u00e1n sin los Sacramentos.<\/li>\n<li>Todos los que rezan mi Rosario tendr\u00e1n en vida y en muerte la luz y la plenitud de la gracia y ser\u00e1n part\u00edcipes de los m\u00e9ritos bienaventurados.<\/li>\n<li>Librar\u00e9 bien pronto del Purgatorio a las almas devotas a mi Rosario.<\/li>\n<li>Los hijos de mi Rosario gozar\u00e1n en el cielo de una gloria singular.<\/li>\n<li>Todo cuanto se pida por medio del Rosario se alcanzar\u00e1 prontamente.<\/li>\n<li>Socorrer\u00e9 en sus necesidades a los que propaguen mi Rosario.<\/li>\n<li>He solicitado a mi Hijo la gracia de que todos los cofrades y devotos tengan en vida y en muerte como hermanos a todos los bienaventurados de la corte celestial.<\/li>\n<li>Los que rezan Rosario son todos hijos m\u00edos muy amados y hermanos de mi Unig\u00e9nito Jes\u00fas.<\/li>\n<li>La devoci\u00f3n al Santo Rosario es una se\u00f1al manifiesta de predestinaci\u00f3n de gloria.<\/li>\n<\/ul>\n<div style=\"padding-bottom:20px; padding-top:10px;\" class=\"hupso-share-buttons\"><!-- Hupso Share Buttons - https:\/\/www.hupso.com\/share\/ --><a class=\"hupso_toolbar\" href=\"https:\/\/www.hupso.com\/share\/\"><img src=\"http:\/\/static.hupso.com\/share\/buttons\/lang\/es\/share-medium.png\" style=\"border:0px; padding-top: 5px; float:left;\" alt=\"Share Button\"\/><\/a><script type=\"text\/javascript\">var hupso_services_t=new Array(\"Twitter\",\"Facebook\",\"Google Plus\",\"Pinterest\",\"Linkedin\",\"Email\",\"Print\");var hupso_background_t=\"#EAF4FF\";var hupso_border_t=\"#66CCFF\";var hupso_toolbar_size_t=\"medium\";var hupso_image_folder_url = \"\";var hupso_twitter_via=\"hectorops\";var hupso_url_t=\"\";var hupso_title_t=\"Promesas%20de%20Nuestra%20Se%C3%B1ora\";<\/script><script type=\"text\/javascript\" src=\"http:\/\/static.hupso.com\/share\/js\/share_toolbar.js\"><\/script><!-- Hupso Share Buttons --><\/div>","protected":false},"excerpt":{"rendered":"<p>Promesas de Nuestra Se\u00f1ora, tomadas de los escritos del Beato Alano de la Rupe, O.P.: Quien rece constantemente mi Rosario, recibir\u00e1 cualquier gracia que me pida. Prometo mi especial\u00edsima protecci\u00f3n y grandes beneficios a los que devotamente recen mi Rosario. &hellip; <a href=\"http:\/\/delamanodemaria.com\/?page_id=57\">Continue reading <span class=\"meta-nav\">&rarr;<\/span><\/a><\/p>\n<div style=\"padding-bottom:20px; padding-top:10px;\" class=\"hupso-share-buttons\"><!-- Hupso Share Buttons - https:\/\/www.hupso.com\/share\/ --><a class=\"hupso_toolbar\" href=\"https:\/\/www.hupso.com\/share\/\"><img src=\"http:\/\/static.hupso.com\/share\/buttons\/lang\/es\/share-medium.png\" style=\"border:0px; padding-top: 5px; float:left;\" alt=\"Share Button\"\/><\/a><script type=\"text\/javascript\">var hupso_services_t=new Array(\"Twitter\",\"Facebook\",\"Google Plus\",\"Pinterest\",\"Linkedin\",\"Email\",\"Print\");var hupso_background_t=\"#EAF4FF\";var hupso_border_t=\"#66CCFF\";var hupso_toolbar_size_t=\"medium\";var hupso_image_folder_url = \"\";var hupso_twitter_via=\"hectorops\";var hupso_url_t=\"\";var hupso_title_t=\"Promesas%20de%20Nuestra%20Se%C3%B1ora\";<\/script><script type=\"text\/javascript\" src=\"http:\/\/static.hupso.com\/share\/js\/share_toolbar.js\"><\/script><!-- Hupso Share Buttons --><\/div>","protected":false},"author":1,"featured_media":0,"parent":214,"menu_order":0,"comment_status":"open","ping_status":"open","template":"","meta":{"jetpack_post_was_ever_published":false},"jetpack_shortlink":"https:\/\/wp.me\/P3bBgS-V","jetpack_sharing_enabled":true,"jetpack_likes_enabled":true,"_links":{"self":[{"href":"http:\/\/delamanodemaria.com\/index.php?rest_route=\/wp\/v2\/pages\/57"}],"collection":[{"href":"http:\/\/delamanodemaria.com\/index.php?rest_route=\/wp\/v2\/pages"}],"about":[{"href":"http:\/\/delamanodemaria.com\/index.php?rest_route=\/wp\/v2\/types\/page"}],"author":[{"embeddable":true,"href":"http:\/\/delamanodemaria.com\/index.php?rest_route=\/wp\/v2\/users\/1"}],"replies":[{"embeddable":true,"href":"http:\/\/delamanodemaria.com\/index.php?rest_route=%2Fwp%2Fv2%2Fcomments&post=57"}],"version-history":[{"count":3,"href":"http:\/\/delamanodemaria.com\/index.php?rest_route=\/wp\/v2\/pages\/57\/revisions"}],"predecessor-version":[{"id":218,"href":"http:\/\/delamanodemaria.com\/index.php?rest_route=\/wp\/v2\/pages\/57\/revisions\/218"}],"up":[{"embeddable":true,"href":"http:\/\/delamanodemaria.com\/index.php?rest_route=\/wp\/v2\/pages\/214"}],"wp:attachment":[{"href":"http:\/\/delamanodemaria.com\/index.php?rest_route=%2Fwp%2Fv2%2Fmedia&parent=57"}],"curies":[{"name":"wp","href":"https:\/\/api.w.org\/{rel}","templated":true}]}}