{"id":91,"date":"2013-01-07T22:05:12","date_gmt":"2013-01-07T22:05:12","guid":{"rendered":"http:\/\/delamanodemaria.com\/?page_id=91"},"modified":"2021-10-06T17:36:05","modified_gmt":"2021-10-06T21:36:05","slug":"para-invitar-a-hector-l-marquez","status":"publish","type":"page","link":"http:\/\/delamanodemaria.com\/?page_id=91","title":{"rendered":"Para invitar a H\u00e9ctor"},"content":{"rendered":"\n<figure class=\"wp-block-image\"><img decoding=\"async\" loading=\"lazy\" width=\"1024\" height=\"910\" src=\"http:\/\/delamanodemaria.com\/wp-content\/uploads\/2021\/10\/IMG_4625-crop-1024x910.jpg\" alt=\"\" class=\"wp-image-16369\" srcset=\"http:\/\/delamanodemaria.com\/wp-content\/uploads\/2021\/10\/IMG_4625-crop-1024x910.jpg 1024w, http:\/\/delamanodemaria.com\/wp-content\/uploads\/2021\/10\/IMG_4625-crop-300x266.jpg 300w, http:\/\/delamanodemaria.com\/wp-content\/uploads\/2021\/10\/IMG_4625-crop-768x682.jpg 768w, http:\/\/delamanodemaria.com\/wp-content\/uploads\/2021\/10\/IMG_4625-crop-338x300.jpg 338w\" sizes=\"(max-width: 1024px) 100vw, 1024px\" \/><\/figure>\n\n\n<p align=\"left\"><span style=\"font-size: large;\">Como parte de nuestro ministerio, estamos disponibles para participar en la formaci\u00f3n de sus comunidades o grupos, y compartir nuestras experiencias marianas, as\u00ed como otros temas de inter\u00e9s relacionados con nuestra fe, mediante retiros, acompa\u00f1amiento, predicaciones, charlas, reflexiones, o seminarios, <em>tanto presencial como de forma virtual<\/em>.<\/span><\/p>\n<p align=\"left\"><span style=\"font-size: large;\">Para invitarnos, y coordinar nuestra participaci\u00f3n en las actividades de sus parroquias, grupos o ministerios, deben seguir las instrucciones que se indican en las barras de navegaci\u00f3n bajo esta pesta\u00f1a, bien sea para invitaciones a los EEUU, al extranjero (fuera de PR y EEUU), o a Puerto Rico.<\/span><\/p><div style=\"padding-bottom:20px; padding-top:10px;\" class=\"hupso-share-buttons\"><!-- Hupso Share Buttons - https:\/\/www.hupso.com\/share\/ --><a class=\"hupso_toolbar\" href=\"https:\/\/www.hupso.com\/share\/\"><img src=\"http:\/\/static.hupso.com\/share\/buttons\/lang\/es\/share-medium.png\" style=\"border:0px; padding-top: 5px; float:left;\" alt=\"Share Button\"\/><\/a><script type=\"text\/javascript\">var hupso_services_t=new Array(\"Twitter\",\"Facebook\",\"Google Plus\",\"Pinterest\",\"Linkedin\",\"Email\",\"Print\");var hupso_background_t=\"#EAF4FF\";var hupso_border_t=\"#66CCFF\";var hupso_toolbar_size_t=\"medium\";var hupso_image_folder_url = \"\";var hupso_twitter_via=\"hectorops\";var hupso_url_t=\"\";var hupso_title_t=\"Para%20invitar%20a%20H%C3%A9ctor\";<\/script><script type=\"text\/javascript\" src=\"http:\/\/static.hupso.com\/share\/js\/share_toolbar.js\"><\/script><!-- Hupso Share Buttons --><\/div>","protected":false},"excerpt":{"rendered":"<p>Como parte de nuestro ministerio, estamos disponibles para participar en la formaci\u00f3n de sus comunidades o grupos, y compartir nuestras experiencias marianas, as\u00ed como otros temas de inter\u00e9s relacionados con nuestra fe, mediante retiros, acompa\u00f1amiento, predicaciones, charlas, reflexiones, o seminarios, &hellip; <a href=\"http:\/\/delamanodemaria.com\/?page_id=91\">Continue reading <span class=\"meta-nav\">&rarr;<\/span><\/a><\/p>\n<div style=\"padding-bottom:20px; padding-top:10px;\" class=\"hupso-share-buttons\"><!-- Hupso Share Buttons - https:\/\/www.hupso.com\/share\/ --><a class=\"hupso_toolbar\" href=\"https:\/\/www.hupso.com\/share\/\"><img src=\"http:\/\/static.hupso.com\/share\/buttons\/lang\/es\/share-medium.png\" style=\"border:0px; padding-top: 5px; float:left;\" alt=\"Share Button\"\/><\/a><script type=\"text\/javascript\">var hupso_services_t=new Array(\"Twitter\",\"Facebook\",\"Google Plus\",\"Pinterest\",\"Linkedin\",\"Email\",\"Print\");var hupso_background_t=\"#EAF4FF\";var hupso_border_t=\"#66CCFF\";var hupso_toolbar_size_t=\"medium\";var hupso_image_folder_url = \"\";var hupso_twitter_via=\"hectorops\";var hupso_url_t=\"\";var hupso_title_t=\"Para%20invitar%20a%20H%C3%A9ctor\";<\/script><script type=\"text\/javascript\" src=\"http:\/\/static.hupso.com\/share\/js\/share_toolbar.js\"><\/script><!-- Hupso Share Buttons --><\/div>","protected":false},"author":1,"featured_media":0,"parent":0,"menu_order":0,"comment_status":"open","ping_status":"open","template":"","meta":{"jetpack_post_was_ever_published":false},"jetpack_shortlink":"https:\/\/wp.me\/P3bBgS-1t","jetpack_sharing_enabled":true,"jetpack_likes_enabled":true,"_links":{"self":[{"href":"http:\/\/delamanodemaria.com\/index.php?rest_route=\/wp\/v2\/pages\/91"}],"collection":[{"href":"http:\/\/delamanodemaria.com\/index.php?rest_route=\/wp\/v2\/pages"}],"about":[{"href":"http:\/\/delamanodemaria.com\/index.php?rest_route=\/wp\/v2\/types\/page"}],"author":[{"embeddable":true,"href":"http:\/\/delamanodemaria.com\/index.php?rest_route=\/wp\/v2\/users\/1"}],"replies":[{"embeddable":true,"href":"http:\/\/delamanodemaria.com\/index.php?rest_route=%2Fwp%2Fv2%2Fcomments&post=91"}],"version-history":[{"count":8,"href":"http:\/\/delamanodemaria.com\/index.php?rest_route=\/wp\/v2\/pages\/91\/revisions"}],"predecessor-version":[{"id":16371,"href":"http:\/\/delamanodemaria.com\/index.php?rest_route=\/wp\/v2\/pages\/91\/revisions\/16371"}],"wp:attachment":[{"href":"http:\/\/delamanodemaria.com\/index.php?rest_route=%2Fwp%2Fv2%2Fmedia&parent=91"}],"curies":[{"name":"wp","href":"https:\/\/api.w.org\/{rel}","templated":true}]}}